{"id":50,"date":"2014-11-05T15:06:46","date_gmt":"2014-11-05T14:06:46","guid":{"rendered":"http:\/\/expose.wpengine.com\/?page_id=50"},"modified":"2025-01-09T12:04:36","modified_gmt":"2025-01-09T11:04:36","slug":"contact","status":"publish","type":"page","link":"https:\/\/glowupagency.co\/index.php\/contact\/","title":{"rendered":"Contact"},"content":{"rendered":"<p>[vc_row background_style=\u00a0\u00bbfull\u00a0\u00bb][vc_column][vc_column_text]Depuis 10 ans, on imagine, cr\u00e9e et booste des projets entre Ajaccio et Paris. Sp\u00e9cialis\u00e9s dans la communication, on mixe cr\u00e9ativit\u00e9 &amp; strat\u00e9gie pour donner vie \u00e0 vos id\u00e9es. Que ce soit pour un logo, une campagne qui marque ou une pr\u00e9sence digitale, nous sommes l\u00e0 pour faire briller votre marque.[\/vc_column_text][vc_separator color=\u00a0\u00bbwhite\u00a0\u00bb border_width=\u00a0\u00bb4&Prime;]<div role=\"form\" class=\"wpcf7\" id=\"wpcf7-f668-o1\" lang=\"fr-FR\" dir=\"ltr\">\n<div class=\"screen-reader-response\"><\/div>\n<form action=\"\/index.php\/wp-json\/wp\/v2\/pages\/50#wpcf7-f668-o1\" method=\"post\" class=\"wpcf7-form\" novalidate=\"novalidate\">\n<div style=\"display: none;\">\n<input type=\"hidden\" name=\"_wpcf7\" value=\"668\" \/>\n<input type=\"hidden\" name=\"_wpcf7_version\" value=\"5.1.6\" \/>\n<input type=\"hidden\" name=\"_wpcf7_locale\" value=\"fr_FR\" \/>\n<input type=\"hidden\" name=\"_wpcf7_unit_tag\" value=\"wpcf7-f668-o1\" \/>\n<input type=\"hidden\" name=\"_wpcf7_container_post\" value=\"0\" \/>\n<input type=\"hidden\" name=\"g-recaptcha-response\" value=\"\" \/>\n<\/div>\n<p><label> Votre nom (obligatoire)<br \/>\n    <span class=\"wpcf7-form-control-wrap your-name\"><input type=\"text\" name=\"your-name\" value=\"\" size=\"40\" class=\"wpcf7-form-control wpcf7-text wpcf7-validates-as-required\" aria-required=\"true\" aria-invalid=\"false\" \/><\/span> <\/label><\/p>\n<p><label> Votre adresse de messagerie (obligatoire)<br \/>\n    <span class=\"wpcf7-form-control-wrap your-email\"><input type=\"email\" name=\"your-email\" value=\"\" size=\"40\" class=\"wpcf7-form-control wpcf7-text wpcf7-email wpcf7-validates-as-required wpcf7-validates-as-email\" aria-required=\"true\" aria-invalid=\"false\" \/><\/span> <\/label><\/p>\n<p><label> Objet<br \/>\n    <span class=\"wpcf7-form-control-wrap your-subject\"><input type=\"text\" name=\"your-subject\" value=\"\" size=\"40\" class=\"wpcf7-form-control wpcf7-text\" aria-invalid=\"false\" \/><\/span> <\/label><\/p>\n<p><label> Votre message<br \/>\n    <span class=\"wpcf7-form-control-wrap your-message\"><textarea name=\"your-message\" cols=\"40\" rows=\"10\" class=\"wpcf7-form-control wpcf7-textarea\" aria-invalid=\"false\"><\/textarea><\/span> <\/label><\/p>\n<p><input type=\"submit\" value=\"Envoyer\" class=\"wpcf7-form-control wpcf7-submit\" \/><\/p>\n<div class=\"wpcf7-response-output wpcf7-display-none\"><\/div><\/form><\/div>[\/vc_column][\/vc_row][vc_row][vc_column][\/vc_column][\/vc_row]<\/p>\n","protected":false},"excerpt":{"rendered":"<p>[vc_row background_style=\u00a0\u00bbfull\u00a0\u00bb][vc_column][vc_column_text]Depuis 10 ans, on imagine, cr\u00e9e et booste des projets entre Ajaccio et Paris. Sp\u00e9cialis\u00e9s dans la communication, on mixe cr\u00e9ativit\u00e9 &amp; strat\u00e9gie pour donner vie \u00e0 vos id\u00e9es. Que ce soit pour un logo, une campagne qui marque ou une pr\u00e9sence digitale, nous sommes l\u00e0 pour faire briller votre marque.[\/vc_column_text][vc_separator color=\u00a0\u00bbwhite\u00a0\u00bb border_width=\u00a0\u00bb4&Prime;][\/vc_column][\/vc_row][vc_row][vc_column][\/vc_column][\/vc_row]<\/p>\n","protected":false},"author":1,"featured_media":0,"parent":0,"menu_order":0,"comment_status":"open","ping_status":"closed","template":"","meta":{"footnotes":""},"class_list":["post-50","page","type-page","status-publish","hentry"],"_links":{"self":[{"href":"https:\/\/glowupagency.co\/index.php\/wp-json\/wp\/v2\/pages\/50","targetHints":{"allow":["GET"]}}],"collection":[{"href":"https:\/\/glowupagency.co\/index.php\/wp-json\/wp\/v2\/pages"}],"about":[{"href":"https:\/\/glowupagency.co\/index.php\/wp-json\/wp\/v2\/types\/page"}],"author":[{"embeddable":true,"href":"https:\/\/glowupagency.co\/index.php\/wp-json\/wp\/v2\/users\/1"}],"replies":[{"embeddable":true,"href":"https:\/\/glowupagency.co\/index.php\/wp-json\/wp\/v2\/comments?post=50"}],"version-history":[{"count":18,"href":"https:\/\/glowupagency.co\/index.php\/wp-json\/wp\/v2\/pages\/50\/revisions"}],"predecessor-version":[{"id":716,"href":"https:\/\/glowupagency.co\/index.php\/wp-json\/wp\/v2\/pages\/50\/revisions\/716"}],"wp:attachment":[{"href":"https:\/\/glowupagency.co\/index.php\/wp-json\/wp\/v2\/media?parent=50"}],"curies":[{"name":"wp","href":"https:\/\/api.w.org\/{rel}","templated":true}]}}